{"id":402,"date":"2023-02-27T09:09:15","date_gmt":"2023-02-27T08:09:15","guid":{"rendered":"https:\/\/www.emiliarium.com\/technology\/ueber-monta\/"},"modified":"2023-03-21T16:44:57","modified_gmt":"2023-03-21T16:44:57","slug":"about-monta","status":"publish","type":"page","link":"https:\/\/www.emiliarium.com\/en\/technology\/about-monta\/","title":{"rendered":"About Monta"},"content":{"rendered":"","protected":false},"excerpt":{"rendered":"","protected":false},"author":1,"featured_media":0,"parent":380,"menu_order":0,"comment_status":"closed","ping_status":"closed","template":"","meta":{"footnotes":""},"class_list":["post-402","page","type-page","status-publish","hentry"],"yoast_head":"<!-- This site is optimized with the Yoast SEO plugin v20.4 - https:\/\/yoast.com\/wordpress\/plugins\/seo\/ -->\n<title>About Monta - eMiliarium Steinlades\u00e4ulen<\/title>\n<meta name=\"robots\" content=\"index, follow, max-snippet:-1, max-image-preview:large, max-video-preview:-1\" \/>\n<link rel=\"canonical\" href=\"https:\/\/www.emiliarium.com\/en\/technology\/about-monta\/\" \/>\n<meta property=\"og:locale\" content=\"en_US\" \/>\n<meta property=\"og:type\" content=\"article\" \/>\n<meta property=\"og:title\" content=\"About Monta - eMiliarium Steinlades\u00e4ulen\" \/>\n<meta property=\"og:url\" content=\"https:\/\/www.emiliarium.com\/en\/technology\/about-monta\/\" \/>\n<meta property=\"og:site_name\" content=\"eMiliarium Steinlades\u00e4ulen\" \/>\n<meta property=\"article:modified_time\" content=\"2023-03-21T16:44:57+00:00\" \/>\n<meta property=\"og:image\" content=\"https:\/\/www.emiliarium.com\/wp-content\/uploads\/2023\/03\/2-emiliarium_lades\u00e4ulen_mood_FBB_0102_start.jpg\" \/>\n\t<meta property=\"og:image:width\" content=\"2560\" \/>\n\t<meta property=\"og:image:height\" content=\"800\" \/>\n\t<meta property=\"og:image:type\" content=\"image\/jpeg\" \/>\n<meta name=\"twitter:card\" content=\"summary_large_image\" \/>\n<script type=\"application\/ld+json\" class=\"yoast-schema-graph\">{\"@context\":\"https:\/\/schema.org\",\"@graph\":[{\"@type\":\"WebPage\",\"@id\":\"https:\/\/www.emiliarium.com\/en\/technology\/about-monta\/\",\"url\":\"https:\/\/www.emiliarium.com\/en\/technology\/about-monta\/\",\"name\":\"About Monta - eMiliarium Steinlades\u00e4ulen\",\"isPartOf\":{\"@id\":\"https:\/\/www.emiliarium.com\/en\/#website\"},\"datePublished\":\"2023-02-27T08:09:15+00:00\",\"dateModified\":\"2023-03-21T16:44:57+00:00\",\"breadcrumb\":{\"@id\":\"https:\/\/www.emiliarium.com\/en\/technology\/about-monta\/#breadcrumb\"},\"inLanguage\":\"en-US\",\"potentialAction\":[{\"@type\":\"ReadAction\",\"target\":[\"https:\/\/www.emiliarium.com\/en\/technology\/about-monta\/\"]}]},{\"@type\":\"BreadcrumbList\",\"@id\":\"https:\/\/www.emiliarium.com\/en\/technology\/about-monta\/#breadcrumb\",\"itemListElement\":[{\"@type\":\"ListItem\",\"position\":1,\"name\":\"Startseite\",\"item\":\"https:\/\/www.emiliarium.com\/en\/\"},{\"@type\":\"ListItem\",\"position\":2,\"name\":\"Technology\",\"item\":\"https:\/\/www.emiliarium.com\/en\/technology\/\"},{\"@type\":\"ListItem\",\"position\":3,\"name\":\"About Monta\"}]},{\"@type\":\"WebSite\",\"@id\":\"https:\/\/www.emiliarium.com\/en\/#website\",\"url\":\"https:\/\/www.emiliarium.com\/en\/\",\"name\":\"eMiliarium Steinlades\u00e4ulen\",\"description\":\"E-Lades\u00e4ulen aus Naturstein f\u00fcr den \u00f6ffentlichen Raum\",\"publisher\":{\"@id\":\"https:\/\/www.emiliarium.com\/en\/#organization\"},\"potentialAction\":[{\"@type\":\"SearchAction\",\"target\":{\"@type\":\"EntryPoint\",\"urlTemplate\":\"https:\/\/www.emiliarium.com\/en\/?s={search_term_string}\"},\"query-input\":\"required name=search_term_string\"}],\"inLanguage\":\"en-US\"},{\"@type\":\"Organization\",\"@id\":\"https:\/\/www.emiliarium.com\/en\/#organization\",\"name\":\"eMiliarium c\/o Bamberger Natursteinwerk Hermann Graser GmbH\",\"alternateName\":\"eMiliarium\",\"url\":\"https:\/\/www.emiliarium.com\/en\/\",\"logo\":{\"@type\":\"ImageObject\",\"inLanguage\":\"en-US\",\"@id\":\"https:\/\/www.emiliarium.com\/en\/#\/schema\/logo\/image\/\",\"url\":\"https:\/\/www.emiliarium.com\/wp-content\/uploads\/2023\/02\/eM_icon_180x180.png\",\"contentUrl\":\"https:\/\/www.emiliarium.com\/wp-content\/uploads\/2023\/02\/eM_icon_180x180.png\",\"width\":180,\"height\":180,\"caption\":\"eMiliarium c\/o Bamberger Natursteinwerk Hermann Graser GmbH\"},\"image\":{\"@id\":\"https:\/\/www.emiliarium.com\/en\/#\/schema\/logo\/image\/\"},\"sameAs\":[\"https:\/\/www.instagram.com\/emiliarium\/\"]}]}<\/script>\n<!-- \/ Yoast SEO plugin. -->","yoast_head_json":{"title":"About Monta - eMiliarium Steinlades\u00e4ulen","robots":{"index":"index","follow":"follow","max-snippet":"max-snippet:-1","max-image-preview":"max-image-preview:large","max-video-preview":"max-video-preview:-1"},"canonical":"https:\/\/www.emiliarium.com\/en\/technology\/about-monta\/","og_locale":"en_US","og_type":"article","og_title":"About Monta - eMiliarium Steinlades\u00e4ulen","og_url":"https:\/\/www.emiliarium.com\/en\/technology\/about-monta\/","og_site_name":"eMiliarium Steinlades\u00e4ulen","article_modified_time":"2023-03-21T16:44:57+00:00","og_image":[{"width":2560,"height":800,"url":"https:\/\/www.emiliarium.com\/wp-content\/uploads\/2023\/03\/2-emiliarium_lades\u00e4ulen_mood_FBB_0102_start.jpg","type":"image\/jpeg"}],"twitter_card":"summary_large_image","schema":{"@context":"https:\/\/schema.org","@graph":[{"@type":"WebPage","@id":"https:\/\/www.emiliarium.com\/en\/technology\/about-monta\/","url":"https:\/\/www.emiliarium.com\/en\/technology\/about-monta\/","name":"About Monta - eMiliarium Steinlades\u00e4ulen","isPartOf":{"@id":"https:\/\/www.emiliarium.com\/en\/#website"},"datePublished":"2023-02-27T08:09:15+00:00","dateModified":"2023-03-21T16:44:57+00:00","breadcrumb":{"@id":"https:\/\/www.emiliarium.com\/en\/technology\/about-monta\/#breadcrumb"},"inLanguage":"en-US","potentialAction":[{"@type":"ReadAction","target":["https:\/\/www.emiliarium.com\/en\/technology\/about-monta\/"]}]},{"@type":"BreadcrumbList","@id":"https:\/\/www.emiliarium.com\/en\/technology\/about-monta\/#breadcrumb","itemListElement":[{"@type":"ListItem","position":1,"name":"Startseite","item":"https:\/\/www.emiliarium.com\/en\/"},{"@type":"ListItem","position":2,"name":"Technology","item":"https:\/\/www.emiliarium.com\/en\/technology\/"},{"@type":"ListItem","position":3,"name":"About Monta"}]},{"@type":"WebSite","@id":"https:\/\/www.emiliarium.com\/en\/#website","url":"https:\/\/www.emiliarium.com\/en\/","name":"eMiliarium Steinlades\u00e4ulen","description":"E-Lades\u00e4ulen aus Naturstein f\u00fcr den \u00f6ffentlichen Raum","publisher":{"@id":"https:\/\/www.emiliarium.com\/en\/#organization"},"potentialAction":[{"@type":"SearchAction","target":{"@type":"EntryPoint","urlTemplate":"https:\/\/www.emiliarium.com\/en\/?s={search_term_string}"},"query-input":"required name=search_term_string"}],"inLanguage":"en-US"},{"@type":"Organization","@id":"https:\/\/www.emiliarium.com\/en\/#organization","name":"eMiliarium c\/o Bamberger Natursteinwerk Hermann Graser GmbH","alternateName":"eMiliarium","url":"https:\/\/www.emiliarium.com\/en\/","logo":{"@type":"ImageObject","inLanguage":"en-US","@id":"https:\/\/www.emiliarium.com\/en\/#\/schema\/logo\/image\/","url":"https:\/\/www.emiliarium.com\/wp-content\/uploads\/2023\/02\/eM_icon_180x180.png","contentUrl":"https:\/\/www.emiliarium.com\/wp-content\/uploads\/2023\/02\/eM_icon_180x180.png","width":180,"height":180,"caption":"eMiliarium c\/o Bamberger Natursteinwerk Hermann Graser GmbH"},"image":{"@id":"https:\/\/www.emiliarium.com\/en\/#\/schema\/logo\/image\/"},"sameAs":["https:\/\/www.instagram.com\/emiliarium\/"]}]}},"_links":{"self":[{"href":"https:\/\/www.emiliarium.com\/en\/wp-json\/wp\/v2\/pages\/402","targetHints":{"allow":["GET"]}}],"collection":[{"href":"https:\/\/www.emiliarium.com\/en\/wp-json\/wp\/v2\/pages"}],"about":[{"href":"https:\/\/www.emiliarium.com\/en\/wp-json\/wp\/v2\/types\/page"}],"author":[{"embeddable":true,"href":"https:\/\/www.emiliarium.com\/en\/wp-json\/wp\/v2\/users\/1"}],"replies":[{"embeddable":true,"href":"https:\/\/www.emiliarium.com\/en\/wp-json\/wp\/v2\/comments?post=402"}],"version-history":[{"count":2,"href":"https:\/\/www.emiliarium.com\/en\/wp-json\/wp\/v2\/pages\/402\/revisions"}],"predecessor-version":[{"id":404,"href":"https:\/\/www.emiliarium.com\/en\/wp-json\/wp\/v2\/pages\/402\/revisions\/404"}],"up":[{"embeddable":true,"href":"https:\/\/www.emiliarium.com\/en\/wp-json\/wp\/v2\/pages\/380"}],"wp:attachment":[{"href":"https:\/\/www.emiliarium.com\/en\/wp-json\/wp\/v2\/media?parent=402"}],"curies":[{"name":"wp","href":"https:\/\/api.w.org\/{rel}","templated":true}]}}